{"id":172,"date":"2025-07-21T16:21:53","date_gmt":"2025-07-21T14:21:53","guid":{"rendered":"https:\/\/www.holmby802.se\/?page_id=172"},"modified":"2025-07-21T16:21:53","modified_gmt":"2025-07-21T14:21:53","slug":"nyheter","status":"publish","type":"page","link":"http:\/\/46.4.25.184\/~holmbyse\/nyheter\/","title":{"rendered":"Nyheter"},"content":{"rendered":"\n<main class=\"wp-block-group alignfull blog-two-columns has-global-padding is-layout-constrained wp-container-core-group-is-layout-890d33ab wp-block-group-is-layout-constrained\" style=\"margin-top:0;margin-bottom:0;padding-top:var(--wp--preset--spacing--superbspacing-large);padding-right:var(--wp--preset--spacing--superbspacing-small);padding-bottom:var(--wp--preset--spacing--superbspacing-large);padding-left:var(--wp--preset--spacing--superbspacing-small)\">\n<div class=\"wp-block-query alignwide has-global-padding is-layout-constrained wp-container-core-query-is-layout-db9edeb8 wp-block-query-is-layout-constrained\"><ul class=\"alignwide wp-block-post-template is-layout-flow wp-container-core-post-template-is-layout-56df9aa4 wp-block-post-template-is-layout-flow\"><li class=\"wp-block-post post-9 post type-post status-publish format-standard has-post-thumbnail hentry category-okategoriserade\">\n\n<div class=\"wp-block-group alignwide is-nowrap is-layout-flex wp-container-core-group-is-layout-bb2c3a78 wp-block-group-is-layout-flex\" style=\"border-bottom-style:none;border-bottom-width:0px;margin-bottom:0;padding-top:0;padding-bottom:0\"><figure style=\"height:400px;\" class=\"alignwide wp-block-post-featured-image\"><a href=\"http:\/\/46.4.25.184\/~holmbyse\/vi-oppnar-for-sjalvplockning\/\" target=\"_self\"  style=\"height:400px\"><img loading=\"lazy\" decoding=\"async\" width=\"1536\" height=\"2048\" src=\"http:\/\/46.4.25.184\/~holmbyse\/wp-content\/uploads\/2025\/07\/518481922_10238925117608585_1652335678473783728_n.jpg\" class=\"attachment-post-thumbnail size-post-thumbnail wp-post-image\" alt=\"Vi \u00f6ppnar f\u00f6r sj\u00e4lvplockning\" style=\"border-radius:8px;height:400px;object-fit:cover;\" srcset=\"http:\/\/46.4.25.184\/~holmbyse\/wp-content\/uploads\/2025\/07\/518481922_10238925117608585_1652335678473783728_n.jpg 1536w, http:\/\/46.4.25.184\/~holmbyse\/wp-content\/uploads\/2025\/07\/518481922_10238925117608585_1652335678473783728_n-225x300.jpg 225w, http:\/\/46.4.25.184\/~holmbyse\/wp-content\/uploads\/2025\/07\/518481922_10238925117608585_1652335678473783728_n-768x1024.jpg 768w, http:\/\/46.4.25.184\/~holmbyse\/wp-content\/uploads\/2025\/07\/518481922_10238925117608585_1652335678473783728_n-1152x1536.jpg 1152w\" sizes=\"auto, (max-width: 1536px) 100vw, 1536px\" \/><\/a><\/figure>\n\n\n<div class=\"wp-block-group is-layout-flow wp-block-group-is-layout-flow\"><h2 style=\"font-style:normal;font-weight:600; margin-top:0px;\" class=\"has-link-color wp-elements-aa4c560934235b644351cc1d54805490 wp-block-post-title has-text-color has-contrast-color has-superbfont-large-font-size\"><a href=\"http:\/\/46.4.25.184\/~holmbyse\/vi-oppnar-for-sjalvplockning\/\" target=\"_self\" >Vi \u00f6ppnar f\u00f6r sj\u00e4lvplockning<\/a><\/h2>\n\n\n<div class=\"wp-block-group is-nowrap is-layout-flex wp-container-core-group-is-layout-b098208d wp-block-group-is-layout-flex\"><div style=\"font-style:normal;font-weight:600;\" class=\"wp-block-post-date has-text-color has-primary-color has-superbfont-xsmall-font-size\"><time datetime=\"2025-07-16T12:01:30+00:00\"><a href=\"http:\/\/46.4.25.184\/~holmbyse\/vi-oppnar-for-sjalvplockning\/\">2025-07-16<\/a><\/time><\/div>\n\n\n<p class=\"has-primary-color has-text-color\" style=\"font-style:normal;font-weight:600\">\u2022<\/p>\n\n\n<div style=\"font-style:normal;font-weight:600;\" class=\"wp-block-post-author-name has-text-color has-primary-color has-superbfont-xsmall-font-size\"><a href=\"http:\/\/46.4.25.184\/~holmbyse\/author\/admin\/\" target=\"_self\" class=\"wp-block-post-author-name__link\">Per<\/a><\/div><\/div>\n\n\n<div style=\"margin-top:20px;margin-right:0px;margin-bottom:0px;margin-left:0px;\" class=\"wp-block-post-excerpt has-text-color has-contrast-color\"><p class=\"wp-block-post-excerpt__excerpt\">L\u00f6rdagen 20 juli kom de f\u00f6rsta som plockade b\u00e4r. Vi kommer att ha \u00f6ppet s\u00e5 l\u00e4nge det finns b\u00e4r att plocka, vilket troligtvis blir till mitten av augusti. <\/p><\/div><\/div>\n<\/div>\n\n<\/li><\/ul>\n\n\n<div class=\"wp-block-group alignwide has-global-padding is-layout-constrained wp-block-group-is-layout-constrained\" style=\"margin-top:29px;margin-bottom:60px\"><\/div>\n<\/div>\n<\/main>\n","protected":false},"excerpt":{"rendered":"","protected":false},"author":1,"featured_media":0,"parent":0,"menu_order":0,"comment_status":"closed","ping_status":"closed","template":"","meta":{"footnotes":""},"class_list":["post-172","page","type-page","status-publish","hentry"],"_links":{"self":[{"href":"http:\/\/46.4.25.184\/~holmbyse\/wp-json\/wp\/v2\/pages\/172","targetHints":{"allow":["GET"]}}],"collection":[{"href":"http:\/\/46.4.25.184\/~holmbyse\/wp-json\/wp\/v2\/pages"}],"about":[{"href":"http:\/\/46.4.25.184\/~holmbyse\/wp-json\/wp\/v2\/types\/page"}],"author":[{"embeddable":true,"href":"http:\/\/46.4.25.184\/~holmbyse\/wp-json\/wp\/v2\/users\/1"}],"replies":[{"embeddable":true,"href":"http:\/\/46.4.25.184\/~holmbyse\/wp-json\/wp\/v2\/comments?post=172"}],"version-history":[{"count":0,"href":"http:\/\/46.4.25.184\/~holmbyse\/wp-json\/wp\/v2\/pages\/172\/revisions"}],"wp:attachment":[{"href":"http:\/\/46.4.25.184\/~holmbyse\/wp-json\/wp\/v2\/media?parent=172"}],"curies":[{"name":"wp","href":"https:\/\/api.w.org\/{rel}","templated":true}]}}