{"id":169,"date":"2025-07-21T16:18:39","date_gmt":"2025-07-21T14:18:39","guid":{"rendered":"https:\/\/www.holmby802.se\/?page_id=169"},"modified":"2026-05-07T20:22:38","modified_gmt":"2026-05-07T20:22:38","slug":"hitta-hit","status":"publish","type":"page","link":"http:\/\/46.4.25.184\/~holmbyse\/hitta-hit\/","title":{"rendered":"Hitta hit"},"content":{"rendered":"\n<div class=\"wp-block-group alignfull is-style-superbaddons-card has-mono-4-background-color has-background has-global-padding is-layout-constrained wp-container-core-group-is-layout-226e04bb wp-block-group-is-layout-constrained\" style=\"margin-top:0;margin-bottom:0;padding-top:var(--wp--preset--spacing--superbspacing-xxlarge);padding-right:var(--wp--preset--spacing--superbspacing-small);padding-bottom:var(--wp--preset--spacing--superbspacing-xxlarge);padding-left:var(--wp--preset--spacing--superbspacing-small)\">\n<div class=\"wp-block-group alignwide is-vertical is-content-justification-center is-layout-flex wp-container-core-group-is-layout-4c120eef wp-block-group-is-layout-flex\">\n<h2 class=\"wp-block-heading has-text-align-center has-contrast-color has-text-color has-superbfont-xlarge-font-size\">Hitta hit<\/h2>\n\n\n\n<p class=\"has-text-align-center has-secondary-color has-text-color has-superbfont-small-font-size\">Adressen \u00e4r <a href=\"https:\/\/maps.app.goo.gl\/fP5JoP2PnieKyrs26\">Holmby 802, Flyinge<\/a><\/p>\n\n\n\n\n\n<iframe src=\"https:\/\/www.google.com\/maps\/embed?pb=!1m18!1m12!1m3!1d2245.1901540423787!2d13.396652013643052!3d55.75519889169289!2m3!1f0!2f0!3f0!3m2!1i1024!2i768!4f13.1!3m3!1m2!1s0x465393cc47390c6b%3A0x8c33130cb029f884!2sHolmby%20802%2C%20247%2097%20Flyinge!5e0!3m2!1ssv!2sse!4v1754568669713!5m2!1ssv!2sse\" width=\"600\" height=\"450\" style=\"border:0;\" allowfullscreen=\"\" loading=\"lazy\" referrerpolicy=\"no-referrer-when-downgrade\"><\/iframe>\n<\/div>\n<\/div>\n\n\n\n<div class=\"wp-block-group alignfull is-style-superbaddons-card has-mono-3-background-color has-background has-global-padding is-layout-constrained wp-container-core-group-is-layout-226e04bb wp-block-group-is-layout-constrained\" style=\"margin-top:0;margin-bottom:0;padding-top:var(--wp--preset--spacing--superbspacing-xxlarge);padding-right:var(--wp--preset--spacing--superbspacing-small);padding-bottom:var(--wp--preset--spacing--superbspacing-xxlarge);padding-left:var(--wp--preset--spacing--superbspacing-small)\">\n<div class=\"wp-block-group alignwide is-vertical is-content-justification-center is-layout-flex wp-container-core-group-is-layout-4c120eef wp-block-group-is-layout-flex\">\n<h2 class=\"wp-block-heading has-text-align-center has-contrast-color has-text-color has-superbfont-xlarge-font-size\">Kontakta oss<\/h2>\n\n\n\n<p class=\"has-text-align-center has-secondary-color has-text-color has-superbfont-small-font-size\">Per Andersson<br>073-326 67 60<br><a href=\"mailto:per@holmby802.se\">per@holmby802.se<\/a><\/p>\n<\/div>\n<\/div>\n\n\n\n<div class=\"wp-block-group alignfull is-style-superbaddons-card has-mono-4-background-color has-background has-global-padding is-layout-constrained wp-container-core-group-is-layout-226e04bb wp-block-group-is-layout-constrained\" style=\"margin-top:0;margin-bottom:0;padding-top:var(--wp--preset--spacing--superbspacing-xxlarge);padding-right:var(--wp--preset--spacing--superbspacing-small);padding-bottom:var(--wp--preset--spacing--superbspacing-xxlarge);padding-left:var(--wp--preset--spacing--superbspacing-small)\">\n<div class=\"wp-block-group alignwide is-vertical is-content-justification-center is-layout-flex wp-container-core-group-is-layout-4c120eef wp-block-group-is-layout-flex\">\n<h2 class=\"wp-block-heading has-text-align-center has-contrast-color has-text-color has-superbfont-xlarge-font-size\">F\u00f6lj oss p\u00e5<\/h2>\n\n\n\n<figure class=\"wp-block-image size-large is-resized\"><a href=\"https:\/\/www.facebook.com\/share\/176T4jYWdA\/?mibextid=wwXIfr\"><img loading=\"lazy\" decoding=\"async\" width=\"1024\" height=\"204\" src=\"http:\/\/46.4.25.184\/~holmbyse\/wp-content\/uploads\/2025\/07\/Facebook-reversed.svg_-scaled-1-1024x204.png\" alt=\"\" class=\"wp-image-196\" style=\"width:228px;height:auto\" srcset=\"http:\/\/46.4.25.184\/~holmbyse\/wp-content\/uploads\/2025\/07\/Facebook-reversed.svg_-scaled-1-1024x204.png 1024w, http:\/\/46.4.25.184\/~holmbyse\/wp-content\/uploads\/2025\/07\/Facebook-reversed.svg_-scaled-1-300x60.png 300w, http:\/\/46.4.25.184\/~holmbyse\/wp-content\/uploads\/2025\/07\/Facebook-reversed.svg_-scaled-1-768x153.png 768w, http:\/\/46.4.25.184\/~holmbyse\/wp-content\/uploads\/2025\/07\/Facebook-reversed.svg_-scaled-1-1536x306.png 1536w, http:\/\/46.4.25.184\/~holmbyse\/wp-content\/uploads\/2025\/07\/Facebook-reversed.svg_-scaled-1-2048x408.png 2048w\" sizes=\"auto, (max-width: 1024px) 100vw, 1024px\" \/><\/a><\/figure>\n<\/div>\n<\/div>\n\n\n\n<p><\/p>\n","protected":false},"excerpt":{"rendered":"<p>Hitta hit Adressen \u00e4r Holmby 802, Flyinge Kontakta oss Per Andersson073-326 67 60per@holmby802.se F\u00f6lj oss p\u00e5<\/p>\n","protected":false},"author":1,"featured_media":0,"parent":0,"menu_order":0,"comment_status":"closed","ping_status":"closed","template":"","meta":{"footnotes":""},"class_list":["post-169","page","type-page","status-publish","hentry"],"_links":{"self":[{"href":"http:\/\/46.4.25.184\/~holmbyse\/wp-json\/wp\/v2\/pages\/169","targetHints":{"allow":["GET"]}}],"collection":[{"href":"http:\/\/46.4.25.184\/~holmbyse\/wp-json\/wp\/v2\/pages"}],"about":[{"href":"http:\/\/46.4.25.184\/~holmbyse\/wp-json\/wp\/v2\/types\/page"}],"author":[{"embeddable":true,"href":"http:\/\/46.4.25.184\/~holmbyse\/wp-json\/wp\/v2\/users\/1"}],"replies":[{"embeddable":true,"href":"http:\/\/46.4.25.184\/~holmbyse\/wp-json\/wp\/v2\/comments?post=169"}],"version-history":[{"count":2,"href":"http:\/\/46.4.25.184\/~holmbyse\/wp-json\/wp\/v2\/pages\/169\/revisions"}],"predecessor-version":[{"id":202,"href":"http:\/\/46.4.25.184\/~holmbyse\/wp-json\/wp\/v2\/pages\/169\/revisions\/202"}],"wp:attachment":[{"href":"http:\/\/46.4.25.184\/~holmbyse\/wp-json\/wp\/v2\/media?parent=169"}],"curies":[{"name":"wp","href":"https:\/\/api.w.org\/{rel}","templated":true}]}}