{"id":164,"date":"2025-07-21T16:13:40","date_gmt":"2025-07-21T14:13:40","guid":{"rendered":"https:\/\/www.holmby802.se\/?page_id=164"},"modified":"2026-05-07T20:37:37","modified_gmt":"2026-05-07T20:37:37","slug":"sjalvplockning","status":"publish","type":"page","link":"http:\/\/46.4.25.184\/~holmbyse\/sjalvplockning\/","title":{"rendered":"Sj\u00e4lvplockning"},"content":{"rendered":"\n<p>Vi erbjuder sj\u00e4lvplockning av bl\u00e5b\u00e4r. Priset \u00e4r 140 kr\/kg. Tag g\u00e4rna med eget emballage.<\/p>\n\n\n\n<h3 class=\"wp-block-heading\">\u00d6ppettider, vecka 34<\/h3>\n\n\n\n<p>St\u00e4ngt f\u00f6r s\u00e4songen. Vi \u00f6ppnar igen sommaren 2026.<\/p>\n\n\n\n<figure class=\"wp-block-table\"><table class=\"has-fixed-layout\"><tbody><tr><td>tisdagar<\/td><td>st\u00e4ngt<\/td><\/tr><tr><td>onsdagar<\/td><td>st\u00e4ngt<\/td><\/tr><tr><td>l\u00f6rdagar<\/td><td>st\u00e4ngt<\/td><\/tr><tr><td>s\u00f6ndagar<\/td><td>st\u00e4ngt<\/td><\/tr><\/tbody><\/table><\/figure>\n\n\n\n<figure class=\"wp-block-image size-large is-resized\"><img loading=\"lazy\" decoding=\"async\" width=\"1024\" height=\"768\" src=\"http:\/\/46.4.25.184\/~holmbyse\/wp-content\/uploads\/2025\/07\/IMG_2438-scaled-1-1024x768.jpg\" alt=\"\" class=\"wp-image-181\" style=\"width:1200px;height:auto\" srcset=\"http:\/\/46.4.25.184\/~holmbyse\/wp-content\/uploads\/2025\/07\/IMG_2438-scaled-1-1024x768.jpg 1024w, http:\/\/46.4.25.184\/~holmbyse\/wp-content\/uploads\/2025\/07\/IMG_2438-scaled-1-300x225.jpg 300w, http:\/\/46.4.25.184\/~holmbyse\/wp-content\/uploads\/2025\/07\/IMG_2438-scaled-1-768x576.jpg 768w, http:\/\/46.4.25.184\/~holmbyse\/wp-content\/uploads\/2025\/07\/IMG_2438-scaled-1-1536x1152.jpg 1536w, http:\/\/46.4.25.184\/~holmbyse\/wp-content\/uploads\/2025\/07\/IMG_2438-scaled-1-2048x1536.jpg 2048w\" sizes=\"auto, (max-width: 1024px) 100vw, 1024px\" \/><\/figure>\n","protected":false},"excerpt":{"rendered":"<p>Vi erbjuder sj\u00e4lvplockning av bl\u00e5b\u00e4r. Priset \u00e4r 140 kr\/kg. Tag g\u00e4rna med eget emballage. \u00d6ppettider, vecka 34 St\u00e4ngt f\u00f6r s\u00e4songen. Vi \u00f6ppnar igen sommaren 2026. tisdagar st\u00e4ngt onsdagar st\u00e4ngt l\u00f6rdagar st\u00e4ngt s\u00f6ndagar st\u00e4ngt<\/p>\n","protected":false},"author":1,"featured_media":0,"parent":0,"menu_order":0,"comment_status":"closed","ping_status":"closed","template":"","meta":{"footnotes":""},"class_list":["post-164","page","type-page","status-publish","hentry"],"_links":{"self":[{"href":"http:\/\/46.4.25.184\/~holmbyse\/wp-json\/wp\/v2\/pages\/164","targetHints":{"allow":["GET"]}}],"collection":[{"href":"http:\/\/46.4.25.184\/~holmbyse\/wp-json\/wp\/v2\/pages"}],"about":[{"href":"http:\/\/46.4.25.184\/~holmbyse\/wp-json\/wp\/v2\/types\/page"}],"author":[{"embeddable":true,"href":"http:\/\/46.4.25.184\/~holmbyse\/wp-json\/wp\/v2\/users\/1"}],"replies":[{"embeddable":true,"href":"http:\/\/46.4.25.184\/~holmbyse\/wp-json\/wp\/v2\/comments?post=164"}],"version-history":[{"count":2,"href":"http:\/\/46.4.25.184\/~holmbyse\/wp-json\/wp\/v2\/pages\/164\/revisions"}],"predecessor-version":[{"id":205,"href":"http:\/\/46.4.25.184\/~holmbyse\/wp-json\/wp\/v2\/pages\/164\/revisions\/205"}],"wp:attachment":[{"href":"http:\/\/46.4.25.184\/~holmbyse\/wp-json\/wp\/v2\/media?parent=164"}],"curies":[{"name":"wp","href":"https:\/\/api.w.org\/{rel}","templated":true}]}}