{"id":161,"date":"2025-07-21T16:06:50","date_gmt":"2025-07-21T14:06:50","guid":{"rendered":"https:\/\/www.holmby802.se\/?page_id=161"},"modified":"2025-07-21T16:06:50","modified_gmt":"2025-07-21T14:06:50","slug":"plockade-bar","status":"publish","type":"page","link":"http:\/\/46.4.25.184\/~holmbyse\/plockade-bar\/","title":{"rendered":"Plockade B\u00e4r"},"content":{"rendered":"\n<div class=\"wp-block-group is-vertical is-layout-flex wp-container-core-group-is-layout-fe9cc265 wp-block-group-is-layout-flex\">\n<p>Vi s\u00e4ljer plockade b\u00e4r i askar:<\/p>\n\n\n\n<p><span class=\"has-superb-addons-text-align-justify\">2<\/span>50 gram &#8211; 40 kr<br>500 gram &#8211; 80 kr<\/p>\n\n\n\n<p>Kontakta Per, <a href=\"mailto:per@holmby802.se\">per@holmby802.se<\/a> 073-326 67 60, f\u00f6r best\u00e4llning.<\/p>\n\n\n\n<figure class=\"wp-block-image size-large\"><img loading=\"lazy\" decoding=\"async\" width=\"1024\" height=\"1024\" src=\"http:\/\/46.4.25.184\/~holmbyse\/wp-content\/uploads\/2025\/07\/IMG_2440-1024x1024.jpg\" alt=\"\" class=\"wp-image-182\" srcset=\"http:\/\/46.4.25.184\/~holmbyse\/wp-content\/uploads\/2025\/07\/IMG_2440-1024x1024.jpg 1024w, http:\/\/46.4.25.184\/~holmbyse\/wp-content\/uploads\/2025\/07\/IMG_2440-300x300.jpg 300w, http:\/\/46.4.25.184\/~holmbyse\/wp-content\/uploads\/2025\/07\/IMG_2440-150x150.jpg 150w, http:\/\/46.4.25.184\/~holmbyse\/wp-content\/uploads\/2025\/07\/IMG_2440-768x768.jpg 768w, http:\/\/46.4.25.184\/~holmbyse\/wp-content\/uploads\/2025\/07\/IMG_2440-1536x1536.jpg 1536w, http:\/\/46.4.25.184\/~holmbyse\/wp-content\/uploads\/2025\/07\/IMG_2440.jpg 1560w\" sizes=\"auto, (max-width: 1024px) 100vw, 1024px\" \/><\/figure>\n<\/div>\n","protected":false},"excerpt":{"rendered":"<p>Vi s\u00e4ljer plockade b\u00e4r i askar: 250 gram &#8211; 40 kr500 gram &#8211; 80 kr Kontakta Per, per@holmby802.se 073-326 67 60, f\u00f6r best\u00e4llning.<\/p>\n","protected":false},"author":1,"featured_media":0,"parent":0,"menu_order":0,"comment_status":"closed","ping_status":"closed","template":"","meta":{"footnotes":""},"class_list":["post-161","page","type-page","status-publish","hentry"],"_links":{"self":[{"href":"http:\/\/46.4.25.184\/~holmbyse\/wp-json\/wp\/v2\/pages\/161","targetHints":{"allow":["GET"]}}],"collection":[{"href":"http:\/\/46.4.25.184\/~holmbyse\/wp-json\/wp\/v2\/pages"}],"about":[{"href":"http:\/\/46.4.25.184\/~holmbyse\/wp-json\/wp\/v2\/types\/page"}],"author":[{"embeddable":true,"href":"http:\/\/46.4.25.184\/~holmbyse\/wp-json\/wp\/v2\/users\/1"}],"replies":[{"embeddable":true,"href":"http:\/\/46.4.25.184\/~holmbyse\/wp-json\/wp\/v2\/comments?post=161"}],"version-history":[{"count":0,"href":"http:\/\/46.4.25.184\/~holmbyse\/wp-json\/wp\/v2\/pages\/161\/revisions"}],"wp:attachment":[{"href":"http:\/\/46.4.25.184\/~holmbyse\/wp-json\/wp\/v2\/media?parent=161"}],"curies":[{"name":"wp","href":"https:\/\/api.w.org\/{rel}","templated":true}]}}